{"id":1034,"date":"2023-04-25T10:57:07","date_gmt":"2023-04-25T07:57:07","guid":{"rendered":"http:\/\/ikincielit.com\/?page_id=1034"},"modified":"2024-10-21T15:52:56","modified_gmt":"2024-10-21T12:52:56","slug":"kurumsalsatis","status":"publish","type":"page","link":"https:\/\/ikincielit.com\/index.php\/kurumsalsatis\/","title":{"rendered":"kurumsalsatis"},"content":{"rendered":"<div data-colibri-id=\"1034-c1\" class=\"style-673 style-local-1034-c1 position-relative\">\n  <!---->\n  <div data-colibri-component=\"section\" data-colibri-id=\"1034-c2\" id=\"contact-2\" class=\"h-section h-section-global-spacing d-flex align-items-lg-center align-items-md-center align-items-center style-730 style-local-1034-c2 position-relative\">\n    <!---->\n    <!---->\n    <div class=\"h-section-grid-container h-section-boxed-container\">\n      <!---->\n      <div data-colibri-id=\"1034-c3\" class=\"h-row-container gutters-row-lg-2 gutters-row-md-2 gutters-row-2 gutters-row-v-lg-2 gutters-row-v-md-2 gutters-row-v-2 style-731 style-local-1034-c3 position-relative\">\n        <!---->\n        <div class=\"h-row justify-content-lg-center justify-content-md-center justify-content-center align-items-lg-stretch align-items-md-stretch align-items-stretch gutters-col-lg-2 gutters-col-md-2 gutters-col-2 gutters-col-v-lg-2 gutters-col-v-md-2 gutters-col-v-2\">\n          <!---->\n          <div class=\"h-column h-column-container d-flex h-col-lg-auto h-col-md-auto h-col-auto style-732-outer style-local-1034-c4-outer\">\n            <div data-colibri-id=\"1034-c4\" class=\"d-flex h-flex-basis h-column__inner h-px-lg-0 h-px-md-0 h-px-0 v-inner-lg-0 v-inner-md-0 v-inner-0 style-732 style-local-1034-c4 position-relative\">\n              <!---->\n              <!---->\n              <div class=\"w-100 h-y-container h-column__content h-column__v-align flex-basis-100 align-self-lg-start align-self-md-start align-self-start\">\n                <!---->\n                <div data-colibri-id=\"1034-c5\" class=\"h-row-container gutters-row-lg-0 gutters-row-md-0 gutters-row-0 gutters-row-v-lg-0 gutters-row-v-md-0 gutters-row-v-0 style-733 style-local-1034-c5 position-relative\">\n                  <!---->\n                  <div class=\"h-row justify-content-lg-center justify-content-md-center justify-content-center align-items-lg-stretch align-items-md-stretch align-items-stretch gutters-col-lg-0 gutters-col-md-0 gutters-col-0 gutters-col-v-lg-0 gutters-col-v-md-0 gutters-col-v-0\">\n                    <!---->\n                    <div class=\"h-column h-column-container d-flex h-col-lg-auto h-col-md-auto h-col-auto style-734-outer style-local-1034-c6-outer\">\n                      <div data-colibri-id=\"1034-c6\" class=\"d-flex h-flex-basis h-column__inner h-px-lg-0 h-px-md-0 h-px-0 v-inner-lg-0 v-inner-md-0 v-inner-0 style-734 style-local-1034-c6 position-relative\">\n                        <!---->\n                        <!---->\n                        <div class=\"w-100 h-y-container h-column__content h-column__v-align flex-basis-100 align-self-lg-center align-self-md-center align-self-center\">\n                          <!---->\n                          <div data-colibri-id=\"1034-c7\" class=\"h-icon style-736 style-local-1034-c7 position-relative h-element\">\n                            <!----><span class=\"h-svg-icon h-icon__icon style-736-icon style-local-1034-c7-icon\"><!--Icon by Font Awesome (https:\/\/fontawesome.com)-->\n    <svg version=\"1.1\" xmlns=\"http:\/\/www.w3.org\/2000\/svg\" xmlns:xlink=\"http:\/\/www.w3.org\/1999\/xlink\" id=\"info-circle\" viewBox=\"0 0 1536 1896.0833\">\n      <path d=\"M1024 1376v-160q0-14-9-23t-23-9h-96V672q0-14-9-23t-23-9H544q-14 0-23 9t-9 23v160q0 14 9 23t23 9h96v320h-96q-14 0-23 9t-9 23v160q0 14 9 23t23 9h448q14 0 23-9t9-23zM896 480V320q0-14-9-23t-23-9H672q-14 0-23 9t-9 23v160q0 14 9 23t23 9h192q14 0 23-9t9-23zm640 416q0 209-103 385.5T1153.5 1561 768 1664t-385.5-103T103 1281.5 0 896t103-385.5T382.5 231 768 128t385.5 103T1433 510.5 1536 896z\"><\/path>\n    <\/svg><\/span><\/div>\n                          <div data-colibri-id=\"1034-c8\" class=\"h-global-transition-all h-heading style-737 style-local-1034-c8 position-relative h-element\">\n                            <!---->\n                            <div class=\"h-heading__outer style-737 style-local-1034-c8\">\n                              <!---->\n                              <!---->\n                              <h5 class=\"\">\u00dcr\u00fcn Listesi k\u0131sm\u0131na e\u011fer varsa elinizde olan \u00fcr\u00fcnlerin listesini docx , xlsx, mdbx, jpeg, png uzant\u0131l\u0131 dosyalar ile atabilirsiniz.\n                                <br>&nbsp;Satmak istedi\u011finiz \u00fcr\u00fcn k\u0131sm\u0131nda CTRL tu\u015funu kullanarak birden fazla se\u00e7im yapabilirsiniz.<\/h5>\n                            <\/div>\n                          <\/div>\n                        <\/div>\n                      <\/div>\n                    <\/div>\n                    <div class=\"h-column h-column-container d-flex h-col-lg-auto h-col-md-auto h-col-auto style-739-outer style-local-1034-c9-outer\">\n                      <div data-colibri-id=\"1034-c9\" class=\"d-flex h-flex-basis h-column__inner h-px-lg-0 h-px-md-0 h-px-0 v-inner-lg-0 v-inner-md-0 v-inner-0 style-739 style-local-1034-c9 position-relative\">\n                        <!---->\n                        <!---->\n                        <div class=\"w-100 h-y-container h-column__content h-column__v-align flex-basis-100 align-self-lg-center align-self-md-center align-self-center\">\n                          <!---->\n                          <div data-colibri-id=\"1034-c10\" class=\"style-740 style-local-1034-c10 position-relative h-element\">\n                            <!---->\n                            <div class=\"h-global-transition-all h-global-transition h-global-transition-all h-contact-form-shortcode\">\n<div class=\"wpcf7 no-js\" id=\"wpcf7-f788-o1\" lang=\"tr-TR\" dir=\"ltr\">\n<div class=\"screen-reader-response\"><p role=\"status\" aria-live=\"polite\" aria-atomic=\"true\"><\/p> <ul><\/ul><\/div>\n<form action=\"\/index.php\/wp-json\/wp\/v2\/pages\/1034#wpcf7-f788-o1\" method=\"post\" class=\"wpcf7-form init\" aria-label=\"Contact form\" enctype=\"multipart\/form-data\" novalidate=\"novalidate\" data-status=\"init\">\n<div style=\"display: none;\">\n<input type=\"hidden\" name=\"_wpcf7\" value=\"788\" \/>\n<input type=\"hidden\" name=\"_wpcf7_version\" value=\"5.7.6\" \/>\n<input type=\"hidden\" name=\"_wpcf7_locale\" value=\"tr_TR\" \/>\n<input type=\"hidden\" name=\"_wpcf7_unit_tag\" value=\"wpcf7-f788-o1\" \/>\n<input type=\"hidden\" name=\"_wpcf7_container_post\" value=\"0\" \/>\n<input type=\"hidden\" name=\"_wpcf7_posted_data_hash\" value=\"\" \/>\n<\/div>\n<p><label> Ad :<br \/>\n<span class=\"wpcf7-form-control-wrap\" data-name=\"your-name\"><input size=\"40\" class=\"wpcf7-form-control wpcf7-text\" autocomplete=\"ad\" aria-invalid=\"false\" value=\"\" type=\"text\" name=\"your-name\" \/><\/span> <\/label><br \/>\n<label> Soyad :<br \/>\n<span class=\"wpcf7-form-control-wrap\" data-name=\"your-surname\"><input size=\"40\" class=\"wpcf7-form-control wpcf7-text\" autocomplete=\"soyad\" aria-invalid=\"false\" value=\"\" type=\"text\" name=\"your-surname\" \/><\/span> <\/label><br \/>\n<label> \u015eirket :<br \/>\n<span class=\"wpcf7-form-control-wrap\" data-name=\"your-sirket\"><input size=\"40\" class=\"wpcf7-form-control wpcf7-text\" autocomplete=\"sirket\" aria-invalid=\"false\" value=\"\" type=\"text\" name=\"your-sirket\" \/><\/span> <\/label><br \/>\n<label> E-posta adresi :<br \/>\n<span class=\"wpcf7-form-control-wrap\" data-name=\"your-email\"><input size=\"40\" class=\"wpcf7-form-control wpcf7-text wpcf7-email wpcf7-validates-as-email\" autocomplete=\"email\" aria-invalid=\"false\" value=\"\" type=\"email\" name=\"your-email\" \/><\/span> <\/label><br \/>\n<label> Telefon No :<br \/>\n<span class=\"wpcf7-form-control-wrap\" data-name=\"TelefonNo\"><input size=\"40\" class=\"wpcf7-form-control wpcf7-text wpcf7-tel wpcf7-validates-as-tel\" aria-invalid=\"false\" value=\"0\" type=\"tel\" name=\"TelefonNo\" \/><\/span> <\/label><br \/>\n<label> Satmak \u0130stedi\u011finiz \u00dcr\u00fcn :<br \/>\n<span class=\"wpcf7-form-control-wrap\" data-name=\"menu-802\"><select class=\"wpcf7-form-control wpcf7-select\" aria-invalid=\"false\" multiple=\"multiple\" name=\"menu-802[]\"><option value=\"Diz\u00fcst\u00fc Bilgisayar\">Diz\u00fcst\u00fc Bilgisayar<\/option><option value=\"Masa\u00fcst\u00fc Bilgisayar\">Masa\u00fcst\u00fc Bilgisayar<\/option><option value=\"Monit\u00f6r\">Monit\u00f6r<\/option><option value=\"Cep Telefonu\/Tablet\">Cep Telefonu\/Tablet<\/option><option value=\"Yaz\u0131c\u0131\">Yaz\u0131c\u0131<\/option><option value=\"Teknolojik Hurda\">Teknolojik Hurda<\/option><option value=\"Server Bilgisayarlar\u0131\">Server Bilgisayarlar\u0131<\/option><option value=\"Network \u00dcr\u00fcnleri\">Network \u00dcr\u00fcnleri<\/option><option value=\"Di\u011fer\">Di\u011fer<\/option><\/select><\/span> <\/label><br \/>\n<label> Mesaj :<br \/>\n<span class=\"wpcf7-form-control-wrap\" data-name=\"your-message\"><input size=\"40\" class=\"wpcf7-form-control wpcf7-text\" autocomplete=\"mesagge\" aria-invalid=\"false\" value=\"\" type=\"text\" name=\"your-message\" \/><\/span> <\/label><br \/>\n<label> \u00dcr\u00fcn Adeti :<br \/>\n<span class=\"wpcf7-form-control-wrap\" data-name=\"urunsayisi\"><input class=\"wpcf7-form-control wpcf7-number wpcf7-validates-as-required wpcf7-validates-as-number\" min=\"0\" max=\"9999999\" aria-required=\"true\" aria-invalid=\"false\" value=\"\" type=\"number\" name=\"urunsayisi\" \/><\/span><\/label><br \/>\n<label> \u00dcr\u00fcn Listesi(\u0130ste\u011fe Ba\u011fl\u0131) :<br \/>\n<span class=\"wpcf7-form-control-wrap\" data-name=\"file-625\"><input size=\"40\" class=\"wpcf7-form-control wpcf7-file\" accept=\".doc,.docx,.pdf,.xlsx,.xlsm,.xlsb,.xltx,.zip,.rar\" aria-invalid=\"false\" type=\"file\" name=\"file-625\" \/><\/span><br \/>\n<input class=\"wpcf7-form-control has-spinner wpcf7-submit\" type=\"submit\" value=\"G\u00f6nder\" \/><\/label>\n<\/p><div class=\"wpcf7-response-output\" aria-hidden=\"true\"><\/div>\n<\/form>\n<\/div>\n<\/div>\n                          <\/div>\n                        <\/div>\n                      <\/div>\n                    <\/div>\n                  <\/div>\n                <\/div>\n              <\/div>\n            <\/div>\n          <\/div>\n        <\/div>\n      <\/div>\n    <\/div>\n  <\/div>\n<\/div>","protected":false},"excerpt":{"rendered":"<p>\u00dcr\u00fcn Listesi k\u0131sm\u0131na e\u011fer varsa elinizde olan \u00fcr\u00fcnlerin listesini docx , xlsx, mdbx, jpeg, png uzant\u0131l\u0131 dosyalar ile atabilirsiniz. &nbsp;Satmak istedi\u011finiz \u00fcr\u00fcn k\u0131sm\u0131nda CTRL tu\u015funu kullanarak birden fazla se\u00e7im yapabilirsiniz.<\/p>\n","protected":false},"author":1,"featured_media":0,"parent":0,"menu_order":0,"comment_status":"closed","ping_status":"closed","template":"page-templates\/full-width-page.php","meta":{"footnotes":""},"class_list":["post-1034","page","type-page","status-publish","hentry"],"_links":{"self":[{"href":"https:\/\/ikincielit.com\/index.php\/wp-json\/wp\/v2\/pages\/1034","targetHints":{"allow":["GET"]}}],"collection":[{"href":"https:\/\/ikincielit.com\/index.php\/wp-json\/wp\/v2\/pages"}],"about":[{"href":"https:\/\/ikincielit.com\/index.php\/wp-json\/wp\/v2\/types\/page"}],"author":[{"embeddable":true,"href":"https:\/\/ikincielit.com\/index.php\/wp-json\/wp\/v2\/users\/1"}],"replies":[{"embeddable":true,"href":"https:\/\/ikincielit.com\/index.php\/wp-json\/wp\/v2\/comments?post=1034"}],"version-history":[{"count":20,"href":"https:\/\/ikincielit.com\/index.php\/wp-json\/wp\/v2\/pages\/1034\/revisions"}],"predecessor-version":[{"id":4077,"href":"https:\/\/ikincielit.com\/index.php\/wp-json\/wp\/v2\/pages\/1034\/revisions\/4077"}],"wp:attachment":[{"href":"https:\/\/ikincielit.com\/index.php\/wp-json\/wp\/v2\/media?parent=1034"}],"curies":[{"name":"wp","href":"https:\/\/api.w.org\/{rel}","templated":true}]}}