{"id":1226,"date":"2023-04-25T12:36:41","date_gmt":"2023-04-25T09:36:41","guid":{"rendered":"http:\/\/ikincielit.com\/?page_id=1226"},"modified":"2024-10-18T13:45:58","modified_gmt":"2024-10-18T10:45:58","slug":"hakkimizda","status":"publish","type":"page","link":"https:\/\/ikincielit.com\/index.php\/hakkimizda\/","title":{"rendered":"Hakkimizda"},"content":{"rendered":"<div data-colibri-id=\"1226-c1\" class=\"style-781 style-local-1226-c1 position-relative\">\n  <!---->\n  <div data-colibri-component=\"section\" data-colibri-id=\"1226-c2\" id=\"overlappable\" class=\"h-section h-section-global-spacing d-flex align-items-lg-center align-items-md-center align-items-center style-847 style-local-1226-c2 position-relative\">\n    <!---->\n    <!---->\n    <div class=\"h-section-grid-container h-section-boxed-container\">\n      <!---->\n      <div data-colibri-id=\"1226-c3\" class=\"h-row-container gutters-row-lg-2 gutters-row-md-0 gutters-row-2 gutters-row-v-lg-2 gutters-row-v-md-0 gutters-row-v-2 style-848 style-local-1226-c3 position-relative\">\n        <!---->\n        <div class=\"h-row justify-content-lg-center justify-content-md-center justify-content-center align-items-lg-stretch align-items-md-stretch align-items-stretch gutters-col-lg-2 gutters-col-md-0 gutters-col-2 gutters-col-v-lg-2 gutters-col-v-md-0 gutters-col-v-2\">\n          <!---->\n          <div class=\"h-column h-column-container d-flex h-col-lg-4 h-col-md-4 h-col-12 style-849-outer style-local-1226-c4-outer\">\n            <div data-colibri-id=\"1226-c4\" class=\"d-flex h-flex-basis h-column__inner h-px-lg-2 h-px-md-3 h-px-2 v-inner-lg-0 v-inner-md-3 v-inner-2 style-849 style-local-1226-c4 position-relative\">\n              <!---->\n              <!---->\n              <div class=\"w-100 h-y-container h-column__content h-column__v-align flex-basis-100 align-self-lg-start align-self-md-start align-self-start\">\n                <!---->\n                <div data-colibri-id=\"1226-c5\" class=\"h-icon style-850 style-local-1226-c5 position-relative h-element\">\n                  <!----><span class=\"h-svg-icon h-icon__icon style-850-icon style-local-1226-c5-icon\"><!--Icon by Font Awesome (https:\/\/fontawesome.com)-->\n    <svg version=\"1.1\" xmlns=\"http:\/\/www.w3.org\/2000\/svg\" xmlns:xlink=\"http:\/\/www.w3.org\/1999\/xlink\" id=\"lock\" viewBox=\"0 0 1283.9106 1896.0833\">\n      <path d=\"M320 768h512V576q0-106-75-181t-181-75-181 75-75 181v192zm832 96v576q0 40-28 68t-68 28H96q-40 0-68-28t-28-68V864q0-40 28-68t68-28h32V576q0-184 132-316t316-132 316 132 132 316v192h32q40 0 68 28t28 68z\"><\/path>\n    <\/svg><\/span><\/div>\n                <div data-colibri-id=\"1226-c6\" class=\"h-global-transition-all h-heading style-851 style-local-1226-c6 position-relative h-element\">\n                  <!---->\n                  <div class=\"h-heading__outer style-851 style-local-1226-c6\">\n                    <!---->\n                    <!---->\n                    <h5 class=\"\">G\u00dcVENL\u0130 ALI\u015eVER\u0130\u015e<\/h5>\n                  <\/div>\n                <\/div>\n              <\/div>\n            <\/div>\n          <\/div>\n          <div class=\"h-column h-column-container d-flex h-col-lg-4 h-col-md-4 h-col-12 style-849-outer style-local-1226-c7-outer\">\n            <div data-colibri-id=\"1226-c7\" class=\"d-flex h-flex-basis h-column__inner h-px-lg-2 h-px-md-3 h-px-2 v-inner-lg-0 v-inner-md-3 v-inner-2 style-849 style-local-1226-c7 position-relative\">\n              <!---->\n              <!---->\n              <div class=\"w-100 h-y-container h-column__content h-column__v-align flex-basis-100 align-self-lg-start align-self-md-start align-self-start\">\n                <!---->\n                <div data-colibri-id=\"1226-c8\" class=\"h-icon style-850 style-local-1226-c8 position-relative h-element\">\n                  <!----><span class=\"h-svg-icon h-icon__icon style-850-icon style-local-1226-c8-icon\"><!--Icon by Font Awesome (https:\/\/fontawesome.com)-->\n    <svg version=\"1.1\" xmlns=\"http:\/\/www.w3.org\/2000\/svg\" xmlns:xlink=\"http:\/\/www.w3.org\/1999\/xlink\" id=\"handshake-o\" viewBox=\"0 0 2304 1896.0833\">\n      <path d=\"M192 1152q40 0 56-32t0-64-56-32-56 32 0 64 56 32zm1473-58q-10-13-38.5-50t-41.5-54-38-49-42.5-53-40.5-47-45-49l-125 140q-83 94-208.5 92T880 926q-57-69-56.5-158T882 611l177-206q-22-11-51-16.5t-47.5-6-56.5.5-49 1q-92 0-158 66L539 608H384v544q5 0 21-.5t22 0 19.5 2 20.5 4.5 17.5 8.5T503 1180l297 292q115 111 227 111 78 0 125-47 57 20 112.5-8t72.5-85q74 6 127-44 20-18 36-45.5t14-50.5q10 10 43 10 43 0 77-21t49.5-53 12-71.5-30.5-73.5zm159 58h96V640h-93l-157-180q-66-76-169-76h-167q-89 0-146 67L979 694q-28 33-28 75t27 75q43 51 110 52t111-49l193-218q25-23 53.5-21.5t47 27 8.5 56.5q16 19 56 63t60 68q29 36 82.5 105.5t64.5 84.5q52 66 60 140zm288 0q40 0 56-32t0-64-56-32-56 32 0 64 56 32zm192-576v640q0 26-19 45t-45 19h-434q-27 65-82 106.5t-125 51.5q-33 48-80.5 81.5T1416 1565q-42 53-104.5 81.5T1183 1671q-60 34-126 39.5t-127.5-14-117-53.5-103.5-81l-287-282H64q-26 0-45-19t-19-45V544q0-26 19-45t45-19h421q14-14 47-48t47.5-48 44-40 50.5-37.5 51-25.5 62-19.5 68-5.5h117q99 0 181 56 82-56 181-56h167q35 0 67 6t56.5 14.5T1676 303t44.5 31 43 39.5 39 42 41 48T1885 512h355q26 0 45 19t19 45z\"><\/path>\n    <\/svg><\/span><\/div>\n                <div data-colibri-id=\"1226-c9\" class=\"h-global-transition-all h-heading style-851 style-local-1226-c9 position-relative h-element\">\n                  <!---->\n                  <div class=\"h-heading__outer style-851 style-local-1226-c9\">\n                    <!---->\n                    <!---->\n                    <h5 class=\"\">DE\u011eER\u0130NDE ALIM<\/h5>\n                  <\/div>\n                <\/div>\n              <\/div>\n            <\/div>\n          <\/div>\n          <div class=\"h-column h-column-container d-flex h-col-lg-4 h-col-md-4 h-col-12 style-849-outer style-local-1226-c10-outer\">\n            <div data-colibri-id=\"1226-c10\" class=\"d-flex h-flex-basis h-column__inner h-px-lg-2 h-px-md-3 h-px-2 v-inner-lg-0 v-inner-md-3 v-inner-2 style-849 style-local-1226-c10 position-relative\">\n              <!---->\n              <!---->\n              <div class=\"w-100 h-y-container h-column__content h-column__v-align flex-basis-100 align-self-lg-start align-self-md-start align-self-start\">\n                <!---->\n                <div data-colibri-id=\"1226-c11\" class=\"h-icon style-850 style-local-1226-c11 position-relative h-element\">\n                  <!----><span class=\"h-svg-icon h-icon__icon style-850-icon style-local-1226-c11-icon\"><!--Icon by Icons8 Line Awesome (https:\/\/icons8.com\/line-awesome)--><svg version=\"1.1\" xmlns=\"http:\/\/www.w3.org\/2000\/svg\" xmlns:xlink=\"http:\/\/www.w3.org\/1999\/xlink\" id=\"money\" viewBox=\"0 0 512 545.5\"><path d=\"M447 108l12 68h-32.5l-5.5-31-181 31H50.5zM32 192h448v256H32V192zm79 32c.533 2.603 1 5.238 1 8 0 22.092-17.908 40-40 40-2.762 0-5.396-.467-8-1v98c2.603-.533 5.238-1 8-1 22.092 0 40 17.908 40 40 0 2.762-.467 5.396-1 8h290c-.533-2.603-1-5.238-1-8 0-22.092 17.908-40 40-40 2.762 0 5.396.467 8 1v-98c-2.603.533-5.238 1-8 1-22.092 0-40-17.908-40-40 0-2.762.467-5.396 1-8H111zm145 16c43.993 0 80 36.007 80 80s-36.007 80-80 80-80-36.007-80-80 36.007-80 80-80zm0 32c-26.7 0-48 21.3-48 48s21.3 48 48 48 48-21.3 48-48-21.3-48-48-48z\"><\/path><\/svg><\/span><\/div>\n                <div\n                  data-colibri-id=\"1226-c12\" class=\"h-global-transition-all h-heading style-851 style-local-1226-c12 position-relative h-element\">\n                  <!---->\n                  <div class=\"h-heading__outer style-851 style-local-1226-c12\">\n                    <!---->\n                    <!---->\n                    <h5 class=\"\">NAK\u0130T \u00d6DEME<\/h5>\n                  <\/div>\n              <\/div>\n            <\/div>\n          <\/div>\n        <\/div>\n      <\/div>\n    <\/div>\n  <\/div>\n<\/div>\n<div data-colibri-component=\"section\" data-colibri-id=\"1226-c13\" id=\"custom\" class=\"h-section h-section-global-spacing d-flex align-items-lg-center align-items-md-center align-items-center style-806 style-local-1226-c13 position-relative\">\n  <!---->\n  <!---->\n  <div class=\"h-section-grid-container h-section-boxed-container\">\n    <!---->\n    <div data-colibri-id=\"1226-c14\" class=\"h-row-container gutters-row-lg-2 gutters-row-md-2 gutters-row-0 gutters-row-v-lg-2 gutters-row-v-md-2 gutters-row-v-2 style-807 style-local-1226-c14 position-relative\">\n      <!---->\n      <div class=\"h-row justify-content-lg-center justify-content-md-center justify-content-center align-items-lg-stretch align-items-md-stretch align-items-stretch gutters-col-lg-2 gutters-col-md-2 gutters-col-0 gutters-col-v-lg-2 gutters-col-v-md-2 gutters-col-v-2\">\n        <!---->\n        <div class=\"h-column h-column-container d-flex h-col-lg-auto h-col-md-auto h-col-auto style-808-outer style-local-1226-c15-outer\">\n          <div data-colibri-id=\"1226-c15\" class=\"d-flex h-flex-basis h-column__inner h-px-lg-2 h-px-md-2 h-px-2 v-inner-lg-2 v-inner-md-2 v-inner-2 style-808 style-local-1226-c15 position-relative\">\n            <!---->\n            <!---->\n            <div class=\"w-100 h-y-container h-column__content h-column__v-align flex-basis-100 align-self-lg-start align-self-md-start align-self-start\">\n              <!---->\n              <div data-colibri-id=\"1226-c16\" class=\"h-global-transition-all h-heading style-809 style-local-1226-c16 position-relative h-element\">\n                <!---->\n                <div class=\"h-heading__outer style-809 style-local-1226-c16\">\n                  <!---->\n                  <!---->\n                  <h2 class=\"\">HAKKIMIZDA<\/h2>\n                <\/div>\n              <\/div>\n            <\/div>\n          <\/div>\n        <\/div>\n      <\/div>\n    <\/div>\n  <\/div>\n<\/div>\n<div data-colibri-component=\"section\" data-colibri-id=\"1226-c17\" id=\"custom-2\" class=\"h-section h-section-global-spacing d-flex align-items-lg-center align-items-md-center align-items-center style-819 style-local-1226-c17 position-relative\">\n  <!---->\n  <!---->\n  <div class=\"h-section-grid-container h-section-boxed-container\">\n    <!---->\n    <div data-colibri-id=\"1226-c18\" class=\"h-row-container gutters-row-lg-2 gutters-row-md-2 gutters-row-0 gutters-row-v-lg-2 gutters-row-v-md-2 gutters-row-v-2 style-820 style-local-1226-c18 position-relative\">\n      <!---->\n      <div class=\"h-row justify-content-lg-center justify-content-md-center justify-content-center align-items-lg-stretch align-items-md-stretch align-items-stretch gutters-col-lg-2 gutters-col-md-2 gutters-col-0 gutters-col-v-lg-2 gutters-col-v-md-2 gutters-col-v-2\">\n        <!---->\n        <div class=\"h-column h-column-container d-flex h-col-lg-auto h-col-md-auto h-col-auto style-821-outer style-local-1226-c19-outer\">\n          <div data-colibri-id=\"1226-c19\" class=\"d-flex h-flex-basis h-column__inner h-px-lg-2 h-px-md-2 h-px-2 v-inner-lg-2 v-inner-md-2 v-inner-2 style-821 style-local-1226-c19 position-relative\">\n            <!---->\n            <!---->\n            <div class=\"w-100 h-y-container h-column__content h-column__v-align flex-basis-100 align-self-lg-start align-self-md-start align-self-start\">\n              <!---->\n              <div data-colibri-id=\"1226-c20\" class=\"h-text h-text-component style-823 style-local-1226-c20 position-relative h-element\">\n                <!---->\n                <!---->\n                <div class=\"\">\n                  <p>\u0130kinci el t\u00fcm IT ekipmanlar\u0131n\u0131z\u0131 sa\u011flam veya bozuk ay\u0131rt etmeksizin al\u0131m\u0131 ile me\u015fgul olan firmam\u0131z t\u00fcm T\u00fcrkiye geneline hizmet vermektedir. \u0130kinci el <span style=\"color: rgb(0, 0, 0); font-family: &quot;Open Sans&quot;; font-size: 15px; font-weight: 400;\">IT ekipmanlar\u0131<\/span>                    satmak insanlar\u0131n s\u00fcrekli yapt\u0131klar\u0131 bir i\u015flem olmad\u0131\u011f\u0131 i\u00e7in bir \u00e7ok insan ilk defa tecr\u00fcbe etmekte, bu y\u00fczden baz\u0131 tedirginlikler ya\u015famaktad\u0131r. M\u00fc\u015fteri memnuniyeti odakl\u0131 \u00e7al\u0131\u015fan firmam\u0131z size istedi\u011finiz hizmetin tam kar\u015f\u0131l\u0131\u011f\u0131n\u0131\n                    vermek i\u00e7in \u00e7al\u0131\u015fmakta, kafan\u0131zdaki soru i\u015faretlerinin cevaplar\u0131n\u0131, verece\u011fi hizmet ve size olan yakla\u015f\u0131m\u0131 ile kald\u0131rmaya gayret etmektedir.<\/p>\n                  <p>Ya\u015fam alanlar\u0131n\u0131z\u0131 daraltan, kullanmay\u0131 b\u0131rakt\u0131\u011f\u0131n\u0131z ve elden \u00e7\u0131karmak istedi\u011finiz ancak g\u00fcvenilir bir al\u0131m firmas\u0131 bulamama kayg\u0131s\u0131 ile s\u00fcrekli satmaktan vazge\u00e7ti\u011finiz e\u015fyalar\u0131n\u0131z\u0131 \u00f6demesini nakit banka havalesi yaparak al\u0131yoruz. M\u00fc\u015fteri\n                    memnuniyetini en \u00fcst seviyeye \u00e7\u0131karmak ve bu sayede sekt\u00f6rde aranan, bilinen ve g\u00fcvenilen bir isim olmak i\u00e7in \u00e7al\u0131\u015f\u0131yoruz.<\/p>\n                  <p>Yaln\u0131zca bireysel de\u011fil kurumsal firmalar\u0131n da satt\u0131\u011f\u0131 IT ekipmanlar\u0131 almaktay\u0131z. \u00dcr\u00fcn\u00fcn\u00fcz\u00fcn piyasa fiyat\u0131n\u0131 verip toplu olarak da al\u0131m yapmaktay\u0131z.<\/p>\n                  <p>Bizden fiyat almadan IT ekipmanlar\u0131n\u0131z\u0131 satmaman\u0131z\u0131 \u00f6neririz.<\/p>\n                <\/div>\n              <\/div>\n            <\/div>\n          <\/div>\n        <\/div>\n        <div class=\"h-column h-column-container d-flex h-col-lg-auto h-col-md-auto h-col-auto style-822-outer style-local-1226-c21-outer\">\n          <div data-colibri-id=\"1226-c21\" class=\"d-flex h-flex-basis h-column__inner h-ui-empty-state-container h-px-lg-2 h-px-md-2 h-px-2 v-inner-lg-2 v-inner-md-2 v-inner-2 style-822 style-local-1226-c21 position-relative\">\n            <!---->\n            <!---->\n            <div class=\"w-100 h-y-container h-column__content h-column__v-align flex-basis-100\">\n              <!---->\n            <\/div>\n          <\/div>\n        <\/div>\n      <\/div>\n    <\/div>\n  <\/div>\n<\/div>\n<\/div>","protected":false},"excerpt":{"rendered":"<p>G\u00dcVENL\u0130 ALI\u015eVER\u0130\u015e DE\u011eER\u0130NDE ALIM NAK\u0130T \u00d6DEME HAKKIMIZDA \u0130kinci el t\u00fcm IT ekipmanlar\u0131n\u0131z\u0131 sa\u011flam veya bozuk ay\u0131rt etmeksizin al\u0131m\u0131 ile me\u015fgul olan firmam\u0131z t\u00fcm T\u00fcrkiye geneline hizmet vermektedir. \u0130kinci el IT ekipmanlar\u0131 satmak insanlar\u0131n s\u00fcrekli yapt\u0131klar\u0131 bir i\u015flem olmad\u0131\u011f\u0131 i\u00e7in bir \u00e7ok insan ilk defa tecr\u00fcbe etmekte, bu y\u00fczden baz\u0131 tedirginlikler ya\u015famaktad\u0131r. M\u00fc\u015fteri memnuniyeti odakl\u0131 \u00e7al\u0131\u015fan [&hellip;]<\/p>\n","protected":false},"author":1,"featured_media":0,"parent":0,"menu_order":0,"comment_status":"closed","ping_status":"closed","template":"page-templates\/full-width-page.php","meta":{"footnotes":""},"class_list":["post-1226","page","type-page","status-publish","hentry"],"_links":{"self":[{"href":"https:\/\/ikincielit.com\/index.php\/wp-json\/wp\/v2\/pages\/1226","targetHints":{"allow":["GET"]}}],"collection":[{"href":"https:\/\/ikincielit.com\/index.php\/wp-json\/wp\/v2\/pages"}],"about":[{"href":"https:\/\/ikincielit.com\/index.php\/wp-json\/wp\/v2\/types\/page"}],"author":[{"embeddable":true,"href":"https:\/\/ikincielit.com\/index.php\/wp-json\/wp\/v2\/users\/1"}],"replies":[{"embeddable":true,"href":"https:\/\/ikincielit.com\/index.php\/wp-json\/wp\/v2\/comments?post=1226"}],"version-history":[{"count":20,"href":"https:\/\/ikincielit.com\/index.php\/wp-json\/wp\/v2\/pages\/1226\/revisions"}],"predecessor-version":[{"id":3949,"href":"https:\/\/ikincielit.com\/index.php\/wp-json\/wp\/v2\/pages\/1226\/revisions\/3949"}],"wp:attachment":[{"href":"https:\/\/ikincielit.com\/index.php\/wp-json\/wp\/v2\/media?parent=1226"}],"curies":[{"name":"wp","href":"https:\/\/api.w.org\/{rel}","templated":true}]}}