{"id":1472,"date":"2023-05-01T10:21:20","date_gmt":"2023-05-01T07:21:20","guid":{"rendered":"https:\/\/ikincielit.com\/?page_id=1472"},"modified":"2024-10-18T09:39:00","modified_gmt":"2024-10-18T06:39:00","slug":"kurumsalbilgilendirme","status":"publish","type":"page","link":"https:\/\/ikincielit.com\/index.php\/kurumsalbilgilendirme\/","title":{"rendered":"kurumsalbilgilendirme"},"content":{"rendered":"<div data-colibri-id=\"1472-c1\" class=\"style-869 style-local-1472-c1 position-relative\">\n  <!---->\n  <div data-colibri-component=\"section\" data-colibri-id=\"1472-c2\" id=\"overlappable\" class=\"h-section h-section-global-spacing d-flex align-items-lg-center align-items-md-center align-items-center style-1035 style-local-1472-c2 position-relative\">\n    <!---->\n    <!---->\n    <div class=\"h-section-grid-container h-section-boxed-container\">\n      <!---->\n      <div data-colibri-id=\"1472-c3\" class=\"h-row-container gutters-row-lg-2 gutters-row-md-0 gutters-row-2 gutters-row-v-lg-2 gutters-row-v-md-0 gutters-row-v-2 style-1036 style-local-1472-c3 position-relative\">\n        <!---->\n        <div class=\"h-row justify-content-lg-center justify-content-md-center justify-content-center align-items-lg-stretch align-items-md-stretch align-items-stretch gutters-col-lg-2 gutters-col-md-0 gutters-col-2 gutters-col-v-lg-2 gutters-col-v-md-0 gutters-col-v-2\">\n          <!---->\n          <div class=\"h-column h-column-container d-flex h-col-lg-4 h-col-md-4 h-col-12 style-1037-outer style-local-1472-c4-outer\">\n            <div data-colibri-id=\"1472-c4\" class=\"d-flex h-flex-basis h-column__inner h-px-lg-2 h-px-md-3 h-px-2 v-inner-lg-0 v-inner-md-3 v-inner-2 style-1037 style-local-1472-c4 position-relative\">\n              <!---->\n              <!---->\n              <div class=\"w-100 h-y-container h-column__content h-column__v-align flex-basis-100 align-self-lg-start align-self-md-start align-self-start\">\n                <!---->\n                <div data-colibri-id=\"1472-c5\" class=\"h-icon style-1038 style-local-1472-c5 position-relative h-element\">\n                  <!----><span class=\"h-svg-icon h-icon__icon style-1038-icon style-local-1472-c5-icon\"><!--Icon by Font Awesome (https:\/\/fontawesome.com)-->\n    <svg version=\"1.1\" xmlns=\"http:\/\/www.w3.org\/2000\/svg\" xmlns:xlink=\"http:\/\/www.w3.org\/1999\/xlink\" id=\"lock\" viewBox=\"0 0 1283.9106 1896.0833\">\n      <path d=\"M320 768h512V576q0-106-75-181t-181-75-181 75-75 181v192zm832 96v576q0 40-28 68t-68 28H96q-40 0-68-28t-28-68V864q0-40 28-68t68-28h32V576q0-184 132-316t316-132 316 132 132 316v192h32q40 0 68 28t28 68z\"><\/path>\n    <\/svg><\/span><\/div>\n                <div data-colibri-id=\"1472-c6\" class=\"h-global-transition-all h-heading style-1039 style-local-1472-c6 position-relative h-element\">\n                  <!---->\n                  <div class=\"h-heading__outer style-1039 style-local-1472-c6\">\n                    <!---->\n                    <!---->\n                    <h4 class=\"\">G\u00fcvenli al\u0131\u015fveri\u015f<\/h4>\n                  <\/div>\n                <\/div>\n              <\/div>\n            <\/div>\n          <\/div>\n          <div class=\"h-column h-column-container d-flex h-col-lg-4 h-col-md-4 h-col-12 style-1037-outer style-local-1472-c7-outer\">\n            <div data-colibri-id=\"1472-c7\" class=\"d-flex h-flex-basis h-column__inner h-px-lg-2 h-px-md-3 h-px-2 v-inner-lg-0 v-inner-md-3 v-inner-2 style-1037 style-local-1472-c7 position-relative\">\n              <!---->\n              <!---->\n              <div class=\"w-100 h-y-container h-column__content h-column__v-align flex-basis-100 align-self-lg-start align-self-md-start align-self-start\">\n                <!---->\n                <div data-colibri-id=\"1472-c8\" class=\"h-icon style-1038 style-local-1472-c8 position-relative h-element\">\n                  <!----><span class=\"h-svg-icon h-icon__icon style-1038-icon style-local-1472-c8-icon\"><!--Icon by Font Awesome (https:\/\/fontawesome.com)-->\n    <svg version=\"1.1\" xmlns=\"http:\/\/www.w3.org\/2000\/svg\" xmlns:xlink=\"http:\/\/www.w3.org\/1999\/xlink\" id=\"handshake-o\" viewBox=\"0 0 2304 1896.0833\">\n      <path d=\"M192 1152q40 0 56-32t0-64-56-32-56 32 0 64 56 32zm1473-58q-10-13-38.5-50t-41.5-54-38-49-42.5-53-40.5-47-45-49l-125 140q-83 94-208.5 92T880 926q-57-69-56.5-158T882 611l177-206q-22-11-51-16.5t-47.5-6-56.5.5-49 1q-92 0-158 66L539 608H384v544q5 0 21-.5t22 0 19.5 2 20.5 4.5 17.5 8.5T503 1180l297 292q115 111 227 111 78 0 125-47 57 20 112.5-8t72.5-85q74 6 127-44 20-18 36-45.5t14-50.5q10 10 43 10 43 0 77-21t49.5-53 12-71.5-30.5-73.5zm159 58h96V640h-93l-157-180q-66-76-169-76h-167q-89 0-146 67L979 694q-28 33-28 75t27 75q43 51 110 52t111-49l193-218q25-23 53.5-21.5t47 27 8.5 56.5q16 19 56 63t60 68q29 36 82.5 105.5t64.5 84.5q52 66 60 140zm288 0q40 0 56-32t0-64-56-32-56 32 0 64 56 32zm192-576v640q0 26-19 45t-45 19h-434q-27 65-82 106.5t-125 51.5q-33 48-80.5 81.5T1416 1565q-42 53-104.5 81.5T1183 1671q-60 34-126 39.5t-127.5-14-117-53.5-103.5-81l-287-282H64q-26 0-45-19t-19-45V544q0-26 19-45t45-19h421q14-14 47-48t47.5-48 44-40 50.5-37.5 51-25.5 62-19.5 68-5.5h117q99 0 181 56 82-56 181-56h167q35 0 67 6t56.5 14.5T1676 303t44.5 31 43 39.5 39 42 41 48T1885 512h355q26 0 45 19t19 45z\"><\/path>\n    <\/svg><\/span><\/div>\n                <div data-colibri-id=\"1472-c9\" class=\"h-global-transition-all h-heading style-1039 style-local-1472-c9 position-relative h-element\">\n                  <!---->\n                  <div class=\"h-heading__outer style-1039 style-local-1472-c9\">\n                    <!---->\n                    <!---->\n                    <h4 class=\"\">de\u011ferinde al\u0131m<\/h4>\n                  <\/div>\n                <\/div>\n              <\/div>\n            <\/div>\n          <\/div>\n          <div class=\"h-column h-column-container d-flex h-col-lg-4 h-col-md-4 h-col-12 style-1037-outer style-local-1472-c10-outer\">\n            <div data-colibri-id=\"1472-c10\" class=\"d-flex h-flex-basis h-column__inner h-px-lg-2 h-px-md-3 h-px-2 v-inner-lg-0 v-inner-md-3 v-inner-2 style-1037 style-local-1472-c10 position-relative\">\n              <!---->\n              <!---->\n              <div class=\"w-100 h-y-container h-column__content h-column__v-align flex-basis-100 align-self-lg-start align-self-md-start align-self-start\">\n                <!---->\n                <div data-colibri-id=\"1472-c11\" class=\"h-icon style-1038 style-local-1472-c11 position-relative h-element\">\n                  <!----><span class=\"h-svg-icon h-icon__icon style-1038-icon style-local-1472-c11-icon\"><!--Icon by Icons8 Line Awesome (https:\/\/icons8.com\/line-awesome)--><svg version=\"1.1\" xmlns=\"http:\/\/www.w3.org\/2000\/svg\" xmlns:xlink=\"http:\/\/www.w3.org\/1999\/xlink\" id=\"money\" viewBox=\"0 0 512 545.5\"><path d=\"M447 108l12 68h-32.5l-5.5-31-181 31H50.5zM32 192h448v256H32V192zm79 32c.533 2.603 1 5.238 1 8 0 22.092-17.908 40-40 40-2.762 0-5.396-.467-8-1v98c2.603-.533 5.238-1 8-1 22.092 0 40 17.908 40 40 0 2.762-.467 5.396-1 8h290c-.533-2.603-1-5.238-1-8 0-22.092 17.908-40 40-40 2.762 0 5.396.467 8 1v-98c-2.603.533-5.238 1-8 1-22.092 0-40-17.908-40-40 0-2.762.467-5.396 1-8H111zm145 16c43.993 0 80 36.007 80 80s-36.007 80-80 80-80-36.007-80-80 36.007-80 80-80zm0 32c-26.7 0-48 21.3-48 48s21.3 48 48 48 48-21.3 48-48-21.3-48-48-48z\"><\/path><\/svg><\/span><\/div>\n                <div\n                  data-colibri-id=\"1472-c12\" class=\"h-global-transition-all h-heading style-1039 style-local-1472-c12 position-relative h-element\">\n                  <!---->\n                  <div class=\"h-heading__outer style-1039 style-local-1472-c12\">\n                    <!---->\n                    <!---->\n                    <h4 class=\"\">nakit \u00f6deme<\/h4>\n                  <\/div>\n              <\/div>\n            <\/div>\n          <\/div>\n        <\/div>\n      <\/div>\n    <\/div>\n  <\/div>\n<\/div>\n<div data-colibri-component=\"section\" data-colibri-id=\"1472-c13\" id=\"custom\" class=\"h-section h-section-global-spacing d-flex align-items-lg-center align-items-md-center align-items-center style-919 style-local-1472-c13 position-relative\">\n  <!---->\n  <!---->\n  <div class=\"h-section-grid-container h-section-boxed-container\">\n    <!---->\n    <div data-colibri-id=\"1472-c14\" class=\"h-row-container gutters-row-lg-2 gutters-row-md-2 gutters-row-0 gutters-row-v-lg-2 gutters-row-v-md-2 gutters-row-v-2 style-997 style-local-1472-c14 position-relative\">\n      <!---->\n      <div class=\"h-row justify-content-lg-center justify-content-md-center justify-content-center align-items-lg-stretch align-items-md-stretch align-items-stretch gutters-col-lg-2 gutters-col-md-2 gutters-col-0 gutters-col-v-lg-2 gutters-col-v-md-2 gutters-col-v-2\">\n        <!---->\n        <div class=\"h-column h-column-container d-flex h-col-lg-auto h-col-md-auto h-col-auto style-998-outer style-local-1472-c15-outer\">\n          <div data-colibri-id=\"1472-c15\" class=\"d-flex h-flex-basis h-column__inner h-px-lg-2 h-px-md-2 h-px-2 v-inner-lg-2 v-inner-md-2 v-inner-2 style-998 style-local-1472-c15 position-relative\">\n            <!---->\n            <!---->\n            <div class=\"w-100 h-y-container h-column__content h-column__v-align flex-basis-100 align-self-lg-start align-self-md-start align-self-start\">\n              <!---->\n              <div data-colibri-id=\"1472-c16\" class=\"h-global-transition-all h-heading style-923 style-local-1472-c16 position-relative h-element\">\n                <!---->\n                <div class=\"h-heading__outer style-923 style-local-1472-c16\">\n                  <!---->\n                  <!---->\n                  <h4 class=\"\">Kurumsal Sat\u0131\u015f Hakk\u0131nda Bilgilendirme<\/h4>\n                <\/div>\n              <\/div>\n            <\/div>\n          <\/div>\n        <\/div>\n      <\/div>\n    <\/div>\n    <div data-colibri-id=\"1472-c17\" class=\"h-row-container gutters-row-lg-2 gutters-row-md-2 gutters-row-0 gutters-row-v-lg-2 gutters-row-v-md-2 gutters-row-v-2 style-920 style-local-1472-c17 position-relative\">\n      <!---->\n      <div class=\"h-row justify-content-lg-center justify-content-md-center justify-content-center align-items-lg-stretch align-items-md-stretch align-items-stretch gutters-col-lg-2 gutters-col-md-2 gutters-col-0 gutters-col-v-lg-2 gutters-col-v-md-2 gutters-col-v-2\">\n        <!---->\n        <div class=\"h-column h-column-container d-flex h-col-lg-auto h-col-md-auto h-col-auto style-921-outer style-local-1472-c18-outer\">\n          <div data-colibri-id=\"1472-c18\" class=\"d-flex h-flex-basis h-column__inner h-px-lg-2 h-px-md-2 h-px-2 v-inner-lg-2 v-inner-md-2 v-inner-2 style-921 style-local-1472-c18 position-relative\">\n            <!---->\n            <!---->\n            <div class=\"w-100 h-y-container h-column__content h-column__v-align flex-basis-100 align-self-lg-start align-self-md-start align-self-start\">\n              <!---->\n              <div data-colibri-id=\"1472-c19\" class=\"h-text h-text-component style-924 style-local-1472-c19 position-relative h-element\">\n                <!---->\n                <!---->\n                <div class=\"\">\n                  <p><strong>Kurumsal sat\u0131\u015flar<\/strong>, bir \u015firketin g\u00fcn i\u00e7indeki faaliyetleri s\u00fcrecinde ba\u015fka bir \u015firkete yapt\u0131\u011f\u0131 sat\u0131\u015flard\u0131r.&nbsp;Kurumsal sat\u0131\u015flara i\u015fletmeler aras\u0131 sat\u0131\u015flar olarak da nitelendirilir. Bu s\u00fcre\u00e7te sat\u0131\u015flar do\u011frudan son\n                    t\u00fcketiciye yap\u0131l\u0131rsa bunlara i\u015fletmeden t\u00fcketiciye sat\u0131\u015flar denir.<\/p>\n                  <p>\u0130ki i\u015fletme aras\u0131nda bir diyalog ba\u015flat\u0131l\u0131r ve daha sonra kurumsal sat\u0131\u015f yap\u0131l\u0131r. Bu s\u00fcre\u00e7te sat\u0131\u015f yap\u0131lacak \u015firket hakk\u0131nda bilgi sahibi olunmas\u0131 ve bu s\u00fcrecin t\u00fcm detaylar\u0131 ile planlanmas\u0131 gerekmektedir.<\/p>\n                  <p>\n                    <br>\n                  <\/p>\n                <\/div>\n              <\/div>\n            <\/div>\n          <\/div>\n        <\/div>\n        <div class=\"h-column h-column-container d-flex h-col-lg-auto h-col-md-auto h-col-auto style-935-outer style-local-1472-c20-outer\">\n          <div data-colibri-id=\"1472-c20\" class=\"d-flex h-flex-basis h-column__inner h-ui-empty-state-container h-px-lg-2 h-px-md-2 h-px-2 v-inner-lg-2 v-inner-md-2 v-inner-2 style-935 style-local-1472-c20 position-relative\">\n            <!---->\n            <!---->\n            <div class=\"w-100 h-y-container h-column__content h-column__v-align flex-basis-100\">\n              <!---->\n            <\/div>\n          <\/div>\n        <\/div>\n      <\/div>\n    <\/div>\n  <\/div>\n<\/div>\n<div data-colibri-component=\"section\" data-colibri-id=\"1472-c25\" id=\"custom-3\" class=\"h-section h-section-global-spacing d-flex align-items-lg-center align-items-md-center align-items-center style-946 style-local-1472-c25 position-relative\">\n  <!---->\n  <!---->\n  <div class=\"h-section-grid-container h-section-boxed-container\">\n    <!---->\n    <div data-colibri-id=\"1472-c26\" class=\"h-row-container gutters-row-lg-2 gutters-row-md-2 gutters-row-0 gutters-row-v-lg-2 gutters-row-v-md-2 gutters-row-v-2 style-950 style-local-1472-c26 position-relative\">\n      <!---->\n      <div class=\"h-row justify-content-lg-center justify-content-md-center justify-content-center align-items-lg-stretch align-items-md-stretch align-items-stretch gutters-col-lg-2 gutters-col-md-2 gutters-col-0 gutters-col-v-lg-2 gutters-col-v-md-2 gutters-col-v-2\">\n        <!---->\n        <div class=\"h-column h-column-container d-flex h-col-lg-auto h-col-md-auto h-col-auto style-951-outer style-local-1472-c27-outer\">\n          <div data-colibri-id=\"1472-c27\" class=\"d-flex h-flex-basis h-column__inner h-px-lg-2 h-px-md-2 h-px-2 v-inner-lg-2 v-inner-md-2 v-inner-2 style-951 style-local-1472-c27 position-relative\">\n            <!---->\n            <!---->\n            <div class=\"w-100 h-y-container h-column__content h-column__v-align flex-basis-100 align-self-lg-start align-self-md-start align-self-start\">\n              <!---->\n              <div data-colibri-id=\"1472-c28\" class=\"h-global-transition-all h-heading style-952 style-local-1472-c28 position-relative h-element\">\n                <!---->\n                <div class=\"h-heading__outer style-952 style-local-1472-c28\">\n                  <!---->\n                  <!---->\n                  <h3 class=\"\">Kurumsal Sat\u0131\u015f Avantajlar\u0131 Nelerdir?<\/h3>\n                <\/div>\n              <\/div>\n            <\/div>\n          <\/div>\n        <\/div>\n      <\/div>\n    <\/div>\n    <div data-colibri-id=\"1472-c29\" class=\"h-row-container gutters-row-lg-0 gutters-row-md-0 gutters-row-0 gutters-row-v-lg-0 gutters-row-v-md-0 gutters-row-v-0 style-947 style-local-1472-c29 position-relative\">\n      <!---->\n      <div class=\"h-row justify-content-lg-center justify-content-md-center justify-content-center align-items-lg-stretch align-items-md-stretch align-items-stretch gutters-col-lg-0 gutters-col-md-0 gutters-col-0 gutters-col-v-lg-0 gutters-col-v-md-0 gutters-col-v-0\">\n        <!---->\n        <div class=\"h-column h-column-container d-flex h-col-lg-auto h-col-md-auto h-col-auto style-948-outer style-local-1472-c30-outer\">\n          <div data-colibri-id=\"1472-c30\" class=\"d-flex h-flex-basis h-column__inner h-px-lg-2 h-px-md-2 h-px-2 v-inner-lg-2 v-inner-md-2 v-inner-2 style-948 style-local-1472-c30 position-relative\">\n            <!---->\n            <!---->\n            <div class=\"w-100 h-y-container h-column__content h-column__v-align flex-basis-100 align-self-lg-start align-self-md-start align-self-start\">\n              <!---->\n              <div data-colibri-id=\"1472-c31\" class=\"h-text h-text-component style-953 style-local-1472-c31 position-relative h-element\">\n                <!---->\n                <!---->\n                <div class=\"\">\n                  <p>\u0130nsanlara i\u015f veya perakende sat\u0131\u015flar, son kullan\u0131c\u0131lar olarak da bilinen \u00fcr\u00fcn\u00fcn son kullan\u0131c\u0131lar\u0131na mal veya hizmet satmay\u0131 i\u00e7erir. \u0130\u015fletmeler aras\u0131 sat\u0131c\u0131lar genellikle \u00fc\u00e7 t\u00fcr m\u00fc\u015fteriden biriyle ilgilenir; sat\u0131c\u0131lar, i\u015f kullan\u0131c\u0131lar\u0131\n                    ve kurumlar. Sat\u0131c\u0131lar, \u00fcr\u00fcnleri yeniden satmay\u0131 ama\u00e7layan perakende i\u015fletmelerdir. \u0130\u015fletme kullan\u0131c\u0131lar\u0131, \u00fcr\u00fcnlerini olu\u015fturmak veya i\u015flerini y\u00f6netmek i\u00e7in \u00fcr\u00fcn\u00fc kullan\u0131r. Okullar, fabrikalar ve hastaneler gibi kurumlar \u00fcr\u00fcn\u00fc operasyonlar\n                    i\u00e7in kullan\u0131r.<\/p>\n                  <p><strong>\u0130\u015fletmeler aras\u0131 sat\u0131\u015flar<\/strong>&nbsp;genellikle daha pahal\u0131 veya teknolojik olarak daha geli\u015fmi\u015f \u00fcr\u00fcnler i\u00e7erir. \u0130\u015fletmeler aras\u0131 m\u00fc\u015fteriler, perakende m\u00fc\u015fterilerden daha fazla \u00fcr\u00fcn sipari\u015f eder ve daha fazla para harcarlar.\n                    Bu, i\u015fletmeler aras\u0131 sat\u0131\u015flar\u0131n i\u015fletmeler aras\u0131 sat\u0131\u015flardan daha fazla para kazanma potansiyeline sahip oldu\u011fu anlam\u0131na gelir. \u0130\u015fletmeler aras\u0131 sat\u0131c\u0131lar, tek bir i\u015fletme m\u00fc\u015fterisinin \u00fcretebilece\u011fi para miktar\u0131 nedeniyle perakende\n                    sat\u0131c\u0131lardan daha az m\u00fc\u015fteriye ihtiya\u00e7 duyar. Bu, i\u015fletmeler aras\u0131 sat\u0131c\u0131lar\u0131n her bir i\u015fletme m\u00fc\u015fterisine daha fazla \u00e7aba harcayabilece\u011fi anlam\u0131na gelir.<\/p>\n                  <p>\n                    <br>\n                  <\/p>\n                <\/div>\n              <\/div>\n            <\/div>\n          <\/div>\n        <\/div>\n        <div class=\"h-column h-column-container d-flex h-col-lg-auto h-col-md-auto h-col-auto style-949-outer style-local-1472-c32-outer\">\n          <div data-colibri-id=\"1472-c32\" class=\"d-flex h-flex-basis h-column__inner h-px-lg-0 h-px-md-0 h-px-0 v-inner-lg-0 v-inner-md-0 v-inner-0 style-949 style-local-1472-c32 position-relative\">\n            <!---->\n            <!---->\n            <div class=\"w-100 h-y-container h-column__content h-column__v-align flex-basis-100 align-self-lg-start align-self-md-start align-self-start\">\n              <!---->\n              <div data-colibri-id=\"1472-c33\" class=\"d-block style-956 style-local-1472-c33 position-relative h-element\">\n                <!---->\n                <div class=\"h-image__frame-container-outer\">\n                  <div class=\"h-image__frame-container\">\n                    <!---->\n                    <!---->\n                    <img loading=\"lazy\" decoding=\"async\" width=\"395\" height=\"395\" src=\"https:\/\/ikincielit.com\/wp-content\/uploads\/2023\/05\/cropped-tik-isareti-nasil-yapilir-removebg-preview.png\" class=\"wp-image-1556 style-956-image style-local-1472-c33-image\" alt=\"\" srcset=\"https:\/\/ikincielit.com\/wp-content\/uploads\/2023\/05\/cropped-tik-isareti-nasil-yapilir-removebg-preview.png 395w, https:\/\/ikincielit.com\/wp-content\/uploads\/2023\/05\/cropped-tik-isareti-nasil-yapilir-removebg-preview-300x300.png 300w, https:\/\/ikincielit.com\/wp-content\/uploads\/2023\/05\/cropped-tik-isareti-nasil-yapilir-removebg-preview-150x150.png 150w\" sizes=\"auto, (max-width: 395px) 100vw, 395px\" \/>\n                    <div class=\"h-image__frame h-hide-lg h-hide-md h-hide-sm style-956-frameImage style-local-1472-c33-frameImage\"><\/div>\n                  <\/div>\n                <\/div>\n              <\/div>\n            <\/div>\n          <\/div>\n        <\/div>\n      <\/div>\n    <\/div>\n  <\/div>\n<\/div>\n<\/div>","protected":false},"excerpt":{"rendered":"<p>G\u00fcvenli al\u0131\u015fveri\u015f de\u011ferinde al\u0131m nakit \u00f6deme Kurumsal Sat\u0131\u015f Hakk\u0131nda Bilgilendirme Kurumsal sat\u0131\u015flar, bir \u015firketin g\u00fcn i\u00e7indeki faaliyetleri s\u00fcrecinde ba\u015fka bir \u015firkete yapt\u0131\u011f\u0131 sat\u0131\u015flard\u0131r.&nbsp;Kurumsal sat\u0131\u015flara i\u015fletmeler aras\u0131 sat\u0131\u015flar olarak da nitelendirilir. Bu s\u00fcre\u00e7te sat\u0131\u015flar do\u011frudan son t\u00fcketiciye yap\u0131l\u0131rsa bunlara i\u015fletmeden t\u00fcketiciye sat\u0131\u015flar denir. \u0130ki i\u015fletme aras\u0131nda bir diyalog ba\u015flat\u0131l\u0131r ve daha sonra kurumsal sat\u0131\u015f yap\u0131l\u0131r. Bu [&hellip;]<\/p>\n","protected":false},"author":1,"featured_media":0,"parent":0,"menu_order":0,"comment_status":"closed","ping_status":"closed","template":"page-templates\/full-width-page.php","meta":{"footnotes":""},"class_list":["post-1472","page","type-page","status-publish","hentry"],"_links":{"self":[{"href":"https:\/\/ikincielit.com\/index.php\/wp-json\/wp\/v2\/pages\/1472","targetHints":{"allow":["GET"]}}],"collection":[{"href":"https:\/\/ikincielit.com\/index.php\/wp-json\/wp\/v2\/pages"}],"about":[{"href":"https:\/\/ikincielit.com\/index.php\/wp-json\/wp\/v2\/types\/page"}],"author":[{"embeddable":true,"href":"https:\/\/ikincielit.com\/index.php\/wp-json\/wp\/v2\/users\/1"}],"replies":[{"embeddable":true,"href":"https:\/\/ikincielit.com\/index.php\/wp-json\/wp\/v2\/comments?post=1472"}],"version-history":[{"count":20,"href":"https:\/\/ikincielit.com\/index.php\/wp-json\/wp\/v2\/pages\/1472\/revisions"}],"predecessor-version":[{"id":3915,"href":"https:\/\/ikincielit.com\/index.php\/wp-json\/wp\/v2\/pages\/1472\/revisions\/3915"}],"wp:attachment":[{"href":"https:\/\/ikincielit.com\/index.php\/wp-json\/wp\/v2\/media?parent=1472"}],"curies":[{"name":"wp","href":"https:\/\/api.w.org\/{rel}","templated":true}]}}